{"id":39825,"date":"2021-05-22T20:30:00","date_gmt":"2021-05-22T20:30:00","guid":{"rendered":"https:\/\/ange.org.br\/?page_id=57"},"modified":"2021-05-22T20:30:00","modified_gmt":"2021-05-22T20:30:00","slug":"home","status":"publish","type":"page","link":"https:\/\/ange.org.br\/ange\/sample-page\/home\/","title":{"rendered":"Home"},"content":{"rendered":"\n<h1>\n\t\t39\u00ba . CONGRESSO DA ASSOCIA\u00c7\u00c3O NACIONAL DOS CURSOS DE GRADUA\u00c7\u00c3O EM CI\u00caNCIAS ECON\u00d4MICAS\n\t<\/h1>\n\t<p>A crise da Ci\u00eancia Econ\u00f4mica e o pluralismo<\/p>\n\t\t\t<a href=\"https:\/\/ange.org.br\/2023\/06\/23\/38o-congresso-anual-da-ange-2023\/\" target=\"_self\" rel=\"noopener\">\n\t\t\t\t\t\t\tConhe\u00e7a o evento\n\t\t\t<\/a>\n<h2>\n\t\tEventos\n\t<\/h2>\n\t<p>Aqui voc\u00ea encontra todos os eventos on line realizados pela ANGE sobre os temas relacionados ao ensino de economia no Brasil.<\/p>\n\t\t\t\t<a href=\"https:\/\/ange.org.br\/2021\/11\/10\/congresso-2021-da-ange\/\" target=\"_self\" itemprop=\"url\" rel=\"noopener\">\n\t\t\t\t<img fetchpriority=\"high\" decoding=\"async\" src=\"https:\/\/ange.org.br\/wp-content\/uploads\/2021\/11\/C21.jpg\" alt=\"C21\" itemprop=\"image\" height=\"525\" width=\"759\" title=\"C21\" onerror=\"this.style.display='none'\"  \/>\n\t\t\t\t<\/a>\n\t<p><strong>Congresso 2021 da ANGE<\/strong><\/p>\n<p><a href=\"https:\/\/ange.org.br\/2021\/11\/10\/congresso-2021-da-ange\/\">Leia Mais<\/a><\/p>\n\t\t\t\t<a href=\"https:\/\/ange.org.br\/2022\/07\/17\/v-congresso-internacional-do-centro-celso-furtado\/\" target=\"_self\" itemprop=\"url\" rel=\"noopener\">\n\t\t\t\t<img decoding=\"async\" src=\"https:\/\/ange.org.br\/wp-content\/uploads\/2023\/06\/CEPAL-Celso_Furtado.jpg\" alt=\"Economista Celso Furtado em 1962.\" itemprop=\"image\" height=\"570\" width=\"860\" title=\"Economista Celso Furtado em 1962.\" onerror=\"this.style.display='none'\"  \/>\n\t\t\t\t<\/a>\n\t<p><strong>V Congresso Internacional do Centro Celso Furtado<\/strong><\/p>\n<p><a href=\"https:\/\/ange.org.br\/2022\/07\/17\/v-congresso-internacional-do-centro-celso-furtado\/\">Leia Mais<\/a><\/p>\n\t\t\t\t<a href=\"https:\/\/ange.org.br\/2021\/10\/06\/o-futuro-do-ensino-da-economia-e-a-curricularizacao-da-extensao\/\" target=\"_self\" itemprop=\"url\" rel=\"noopener\">\n\t\t\t\t<img decoding=\"async\" src=\"https:\/\/ange.org.br\/wp-content\/uploads\/2021\/10\/question-mark-1872634_1920.jpg\" alt=\"question-mark-1872634_1920\" itemprop=\"image\" height=\"1056\" width=\"1920\" title=\"question-mark-1872634_1920\" onerror=\"this.style.display='none'\"  \/>\n\t\t\t\t<\/a>\n\t<p><strong>O futuro do ensino da economia e a curriculariza\u00e7\u00e3o da extens\u00e3o<\/strong><\/p>\n<p><a href=\"https:\/\/ange.org.br\/2021\/10\/06\/o-futuro-do-ensino-da-economia-e-a-curricularizacao-da-extensao\/\">Leia Mais<\/a><\/p>\n\t\t\t\t<img loading=\"lazy\" decoding=\"async\" src=\"https:\/\/ange.org.br\/ange\/wp-content\/uploads\/2024\/10\/youtube-2617510_1280.jpg\" alt=\"youtube-2617510_1280\" itemprop=\"image\" height=\"853\" width=\"1280\" title=\"youtube-2617510_1280\" onerror=\"this.style.display='none'\"  \/>\n<h2>\n\t\tAnge no Youtube\n\t<\/h2>\n\t<p>Aqui voc\u00ea encontra v\u00eddeos dos Congressos Nacionais da Associa\u00e7\u00e3o, com palestras, debates e minicursos sobre os desafios do ensino de Economia no Brasil. Nosso objetivo \u00e9 promover o pluralismo e a reflex\u00e3o cr\u00edtica sobre temas como desigualdade, mudan\u00e7as clim\u00e1ticas e inova\u00e7\u00e3o curricular. Inscreva-se e acompanhe os principais conte\u00fados sobre o ensino de Ci\u00eancias Econ\u00f4micas!<\/p>\n\t\t\t<a href=\"\" target=\"_self\" rel=\"noopener\">\n\t\t\t\t\t\t\tConhe\u00e7a\n\t\t\t<\/a>\n\n","protected":false},"excerpt":{"rendered":"","protected":false},"author":1,"featured_media":0,"parent":39823,"menu_order":0,"comment_status":"closed","ping_status":"closed","template":"","meta":{"_acf_changed":false,"footnotes":""},"class_list":["post-39825","page","type-page","status-publish","hentry"],"acf":[],"_links":{"self":[{"href":"https:\/\/ange.org.br\/ange\/wp-json\/wp\/v2\/pages\/39825","targetHints":{"allow":["GET"]}}],"collection":[{"href":"https:\/\/ange.org.br\/ange\/wp-json\/wp\/v2\/pages"}],"about":[{"href":"https:\/\/ange.org.br\/ange\/wp-json\/wp\/v2\/types\/page"}],"author":[{"embeddable":true,"href":"https:\/\/ange.org.br\/ange\/wp-json\/wp\/v2\/users\/1"}],"replies":[{"embeddable":true,"href":"https:\/\/ange.org.br\/ange\/wp-json\/wp\/v2\/comments?post=39825"}],"version-history":[{"count":0,"href":"https:\/\/ange.org.br\/ange\/wp-json\/wp\/v2\/pages\/39825\/revisions"}],"up":[{"embeddable":true,"href":"https:\/\/ange.org.br\/ange\/wp-json\/wp\/v2\/pages\/39823"}],"wp:attachment":[{"href":"https:\/\/ange.org.br\/ange\/wp-json\/wp\/v2\/media?parent=39825"}],"curies":[{"name":"wp","href":"https:\/\/api.w.org\/{rel}","templated":true}]}}